{"id":929,"date":"2023-12-08T21:35:58","date_gmt":"2023-12-08T20:35:58","guid":{"rendered":"https:\/\/esteticcaldes.com\/tractaments\/bellesa-de-mans-i-peus\/"},"modified":"2023-12-08T21:35:58","modified_gmt":"2023-12-08T20:35:58","slug":"bellesa-de-mans-i-peus","status":"publish","type":"page","link":"https:\/\/esteticcaldes.com\/ca\/tractaments\/bellesa-de-mans-i-peus\/","title":{"rendered":"Bellesa de mans i peus"},"content":{"rendered":"","protected":false},"excerpt":{"rendered":"","protected":false},"author":1,"featured_media":0,"parent":915,"menu_order":5,"comment_status":"closed","ping_status":"closed","template":"","meta":{"footnotes":""},"class_list":["post-929","page","type-page","status-publish","hentry"],"yoast_head":"<!-- This site is optimized with the Yoast SEO plugin v21.7 - https:\/\/yoast.com\/wordpress\/plugins\/seo\/ -->\n<title>Bellesa de mans i peus - Est\u00e8tic Caldes<\/title>\n<meta name=\"robots\" content=\"index, follow, max-snippet:-1, max-image-preview:large, max-video-preview:-1\" \/>\n<link rel=\"canonical\" href=\"https:\/\/esteticcaldes.com\/ca\/tractaments\/bellesa-de-mans-i-peus\/\" \/>\n<meta property=\"og:locale\" content=\"ca_ES\" \/>\n<meta property=\"og:type\" content=\"article\" \/>\n<meta property=\"og:title\" content=\"Bellesa de mans i peus - Est\u00e8tic Caldes\" \/>\n<meta property=\"og:url\" content=\"https:\/\/esteticcaldes.com\/ca\/tractaments\/bellesa-de-mans-i-peus\/\" \/>\n<meta property=\"og:site_name\" content=\"Est\u00e8tic Caldes\" \/>\n<meta property=\"article:publisher\" content=\"https:\/\/www.facebook.com\/esteticcaldes\/\" \/>\n<meta name=\"twitter:card\" content=\"summary_large_image\" \/>\n<script type=\"application\/ld+json\" class=\"yoast-schema-graph\">{\"@context\":\"https:\/\/schema.org\",\"@graph\":[{\"@type\":\"WebPage\",\"@id\":\"https:\/\/esteticcaldes.com\/ca\/tractaments\/bellesa-de-mans-i-peus\/\",\"url\":\"https:\/\/esteticcaldes.com\/ca\/tractaments\/bellesa-de-mans-i-peus\/\",\"name\":\"Bellesa de mans i peus - Est\u00e8tic Caldes\",\"isPartOf\":{\"@id\":\"https:\/\/esteticcaldes.com\/ca\/#website\"},\"datePublished\":\"2023-12-08T20:35:58+00:00\",\"dateModified\":\"2023-12-08T20:35:58+00:00\",\"breadcrumb\":{\"@id\":\"https:\/\/esteticcaldes.com\/ca\/tractaments\/bellesa-de-mans-i-peus\/#breadcrumb\"},\"inLanguage\":\"ca\",\"potentialAction\":[{\"@type\":\"ReadAction\",\"target\":[\"https:\/\/esteticcaldes.com\/ca\/tractaments\/bellesa-de-mans-i-peus\/\"]}]},{\"@type\":\"BreadcrumbList\",\"@id\":\"https:\/\/esteticcaldes.com\/ca\/tractaments\/bellesa-de-mans-i-peus\/#breadcrumb\",\"itemListElement\":[{\"@type\":\"ListItem\",\"position\":1,\"name\":\"Portada\",\"item\":\"https:\/\/esteticcaldes.com\/ca\/\"},{\"@type\":\"ListItem\",\"position\":2,\"name\":\"Tractaments\",\"item\":\"https:\/\/esteticcaldes.com\/ca\/tractaments\/\"},{\"@type\":\"ListItem\",\"position\":3,\"name\":\"Bellesa de mans i peus\"}]},{\"@type\":\"WebSite\",\"@id\":\"https:\/\/esteticcaldes.com\/ca\/#website\",\"url\":\"https:\/\/esteticcaldes.com\/ca\/\",\"name\":\"Est\u00e8tic Caldes\",\"description\":\"Centro de Fotodepilaci\u00f3n y Est\u00e9tica avanzada\",\"publisher\":{\"@id\":\"https:\/\/esteticcaldes.com\/ca\/#organization\"},\"potentialAction\":[{\"@type\":\"SearchAction\",\"target\":{\"@type\":\"EntryPoint\",\"urlTemplate\":\"https:\/\/esteticcaldes.com\/ca\/?s={search_term_string}\"},\"query-input\":\"required name=search_term_string\"}],\"inLanguage\":\"ca\"},{\"@type\":\"Organization\",\"@id\":\"https:\/\/esteticcaldes.com\/ca\/#organization\",\"name\":\"Est\u00e8tic Caldes\",\"url\":\"https:\/\/esteticcaldes.com\/ca\/\",\"logo\":{\"@type\":\"ImageObject\",\"inLanguage\":\"ca\",\"@id\":\"https:\/\/esteticcaldes.com\/ca\/#\/schema\/logo\/image\/\",\"url\":\"https:\/\/esteticcaldes.com\/wp-content\/uploads\/logo-e1701891861941.jpeg\",\"contentUrl\":\"https:\/\/esteticcaldes.com\/wp-content\/uploads\/logo-e1701891861941.jpeg\",\"width\":400,\"height\":89,\"caption\":\"Est\u00e8tic Caldes\"},\"image\":{\"@id\":\"https:\/\/esteticcaldes.com\/ca\/#\/schema\/logo\/image\/\"},\"sameAs\":[\"https:\/\/www.facebook.com\/esteticcaldes\/\",\"https:\/\/www.instagram.com\/esteticcaldes\/\",\"https:\/\/g.co\/kgs\/HEUEgL\"]}]}<\/script>\n<!-- \/ Yoast SEO plugin. -->","yoast_head_json":{"title":"Bellesa de mans i peus - Est\u00e8tic Caldes","robots":{"index":"index","follow":"follow","max-snippet":"max-snippet:-1","max-image-preview":"max-image-preview:large","max-video-preview":"max-video-preview:-1"},"canonical":"https:\/\/esteticcaldes.com\/ca\/tractaments\/bellesa-de-mans-i-peus\/","og_locale":"ca_ES","og_type":"article","og_title":"Bellesa de mans i peus - Est\u00e8tic Caldes","og_url":"https:\/\/esteticcaldes.com\/ca\/tractaments\/bellesa-de-mans-i-peus\/","og_site_name":"Est\u00e8tic Caldes","article_publisher":"https:\/\/www.facebook.com\/esteticcaldes\/","twitter_card":"summary_large_image","schema":{"@context":"https:\/\/schema.org","@graph":[{"@type":"WebPage","@id":"https:\/\/esteticcaldes.com\/ca\/tractaments\/bellesa-de-mans-i-peus\/","url":"https:\/\/esteticcaldes.com\/ca\/tractaments\/bellesa-de-mans-i-peus\/","name":"Bellesa de mans i peus - Est\u00e8tic Caldes","isPartOf":{"@id":"https:\/\/esteticcaldes.com\/ca\/#website"},"datePublished":"2023-12-08T20:35:58+00:00","dateModified":"2023-12-08T20:35:58+00:00","breadcrumb":{"@id":"https:\/\/esteticcaldes.com\/ca\/tractaments\/bellesa-de-mans-i-peus\/#breadcrumb"},"inLanguage":"ca","potentialAction":[{"@type":"ReadAction","target":["https:\/\/esteticcaldes.com\/ca\/tractaments\/bellesa-de-mans-i-peus\/"]}]},{"@type":"BreadcrumbList","@id":"https:\/\/esteticcaldes.com\/ca\/tractaments\/bellesa-de-mans-i-peus\/#breadcrumb","itemListElement":[{"@type":"ListItem","position":1,"name":"Portada","item":"https:\/\/esteticcaldes.com\/ca\/"},{"@type":"ListItem","position":2,"name":"Tractaments","item":"https:\/\/esteticcaldes.com\/ca\/tractaments\/"},{"@type":"ListItem","position":3,"name":"Bellesa de mans i peus"}]},{"@type":"WebSite","@id":"https:\/\/esteticcaldes.com\/ca\/#website","url":"https:\/\/esteticcaldes.com\/ca\/","name":"Est\u00e8tic Caldes","description":"Centro de Fotodepilaci\u00f3n y Est\u00e9tica avanzada","publisher":{"@id":"https:\/\/esteticcaldes.com\/ca\/#organization"},"potentialAction":[{"@type":"SearchAction","target":{"@type":"EntryPoint","urlTemplate":"https:\/\/esteticcaldes.com\/ca\/?s={search_term_string}"},"query-input":"required name=search_term_string"}],"inLanguage":"ca"},{"@type":"Organization","@id":"https:\/\/esteticcaldes.com\/ca\/#organization","name":"Est\u00e8tic Caldes","url":"https:\/\/esteticcaldes.com\/ca\/","logo":{"@type":"ImageObject","inLanguage":"ca","@id":"https:\/\/esteticcaldes.com\/ca\/#\/schema\/logo\/image\/","url":"https:\/\/esteticcaldes.com\/wp-content\/uploads\/logo-e1701891861941.jpeg","contentUrl":"https:\/\/esteticcaldes.com\/wp-content\/uploads\/logo-e1701891861941.jpeg","width":400,"height":89,"caption":"Est\u00e8tic Caldes"},"image":{"@id":"https:\/\/esteticcaldes.com\/ca\/#\/schema\/logo\/image\/"},"sameAs":["https:\/\/www.facebook.com\/esteticcaldes\/","https:\/\/www.instagram.com\/esteticcaldes\/","https:\/\/g.co\/kgs\/HEUEgL"]}]}},"_links":{"self":[{"href":"https:\/\/esteticcaldes.com\/ca\/wp-json\/wp\/v2\/pages\/929","targetHints":{"allow":["GET"]}}],"collection":[{"href":"https:\/\/esteticcaldes.com\/ca\/wp-json\/wp\/v2\/pages"}],"about":[{"href":"https:\/\/esteticcaldes.com\/ca\/wp-json\/wp\/v2\/types\/page"}],"author":[{"embeddable":true,"href":"https:\/\/esteticcaldes.com\/ca\/wp-json\/wp\/v2\/users\/1"}],"replies":[{"embeddable":true,"href":"https:\/\/esteticcaldes.com\/ca\/wp-json\/wp\/v2\/comments?post=929"}],"version-history":[{"count":0,"href":"https:\/\/esteticcaldes.com\/ca\/wp-json\/wp\/v2\/pages\/929\/revisions"}],"up":[{"embeddable":true,"href":"https:\/\/esteticcaldes.com\/ca\/wp-json\/wp\/v2\/pages\/915"}],"wp:attachment":[{"href":"https:\/\/esteticcaldes.com\/ca\/wp-json\/wp\/v2\/media?parent=929"}],"curies":[{"name":"wp","href":"https:\/\/api.w.org\/{rel}","templated":true}]}}